{"id":696,"date":"2021-12-22T11:52:56","date_gmt":"2021-12-22T10:52:56","guid":{"rendered":"https:\/\/dev.wisdomignite.pt\/concept-horeca\/produto\/desentupidor-de-canos-lider-1l\/"},"modified":"2021-12-22T11:52:56","modified_gmt":"2021-12-22T10:52:56","slug":"desentupidor-de-canos-lider-1l","status":"publish","type":"product","link":"https:\/\/dev.wisdomignite.pt\/concept-horeca\/produto\/desentupidor-de-canos-lider-1l\/","title":{"rendered":"Desentupidor de Canos L\u00edder &#8211; 1l"},"content":{"rendered":"<p>Desentuidor de canos \u00e9 especialmente desenvolvido para a remo\u00e7\u00e3o de todos o tipo de res\u00edduos org\u00e2nicos, como gorduras, residuos de comidas, entre outros.<\/p>\n","protected":false},"excerpt":{"rendered":"<p>Desentupidor de canos, Ultra r\u00e1pido, ac\u00e7\u00e3o eficaz<\/p>\n","protected":false},"featured_media":626,"comment_status":"closed","ping_status":"open","template":"","meta":[],"product_cat":[140,150],"product_tag":[89],"class_list":["post-696","product","type-product","status-publish","has-post-thumbnail","hentry","product_cat-consumiveis","product_cat-desentupidor-de-canos","product_tag-desent-de-canos"],"_links":{"self":[{"href":"https:\/\/dev.wisdomignite.pt\/concept-horeca\/wp-json\/wp\/v2\/product\/696","targetHints":{"allow":["GET"]}}],"collection":[{"href":"https:\/\/dev.wisdomignite.pt\/concept-horeca\/wp-json\/wp\/v2\/product"}],"about":[{"href":"https:\/\/dev.wisdomignite.pt\/concept-horeca\/wp-json\/wp\/v2\/types\/product"}],"replies":[{"embeddable":true,"href":"https:\/\/dev.wisdomignite.pt\/concept-horeca\/wp-json\/wp\/v2\/comments?post=696"}],"wp:featuredmedia":[{"embeddable":true,"href":"https:\/\/dev.wisdomignite.pt\/concept-horeca\/wp-json\/wp\/v2\/media\/626"}],"wp:attachment":[{"href":"https:\/\/dev.wisdomignite.pt\/concept-horeca\/wp-json\/wp\/v2\/media?parent=696"}],"wp:term":[{"taxonomy":"product_cat","embeddable":true,"href":"https:\/\/dev.wisdomignite.pt\/concept-horeca\/wp-json\/wp\/v2\/product_cat?post=696"},{"taxonomy":"product_tag","embeddable":true,"href":"https:\/\/dev.wisdomignite.pt\/concept-horeca\/wp-json\/wp\/v2\/product_tag?post=696"}],"curies":[{"name":"wp","href":"https:\/\/api.w.org\/{rel}","templated":true}]}}