{"id":2909,"date":"2013-08-11T19:06:15","date_gmt":"2013-08-11T18:06:15","guid":{"rendered":"http:\/\/localhost:8888\/test\/?page_id=520"},"modified":"2023-01-05T12:52:36","modified_gmt":"2023-01-05T12:52:36","slug":"sobre-nos","status":"publish","type":"page","link":"https:\/\/dev.wisdomignite.pt\/cea\/sobre-nos\/","title":{"rendered":"Sobre N\u00f3s"},"content":{"rendered":"\n\t<div id=\"gap-1155651714\" class=\"gap-element clearfix\" style=\"display:block; height:auto;\">\n\t\t\n<style>\n#gap-1155651714 {\n  padding-top: 30px;\n}\n<\/style>\n\t<\/div>\n\t\n\n\t<section class=\"section\" id=\"section_1855390855\">\n\t\t<div class=\"bg section-bg fill bg-fill  bg-loaded\" >\n\n\t\t\t\n\t\t\t\n\t\t\t\n\n\t\t<\/div>\n\n\t\t\n\n\t\t<div class=\"section-content relative\">\n\t\t\t\n\n<div class=\"row\"  id=\"row-943707893\">\n\n\n\t<div id=\"col-778121654\" class=\"col medium-5 small-12 large-5\"  >\n\t\t\t\t<div class=\"col-inner text-center\"  >\n\t\t\t\n\t\t\t\n\n\t<div id=\"text-1884290553\" class=\"text\">\n\t\t\n\n<h2>A NOSSA EMPRESA<\/h2>\n\t\t\n<style>\n#text-1884290553 {\n  text-align: left;\n}\n<\/style>\n\t<\/div>\n\t\n\t<div id=\"text-668106637\" class=\"text\">\n\t\t\n\n<p>A Coutinho &amp; Arezes nasceu no dia 1 de julho de 2003, em Barcelos. Somos uma empresa grossista focada na comercializa\u00e7\u00e3o de produtos alimentares nacionais e estrangeiros, mais especificamente frutas e produtos Hort\u00edcolas.<\/p>\n<p>Temos uma vasta rede de clientes a n\u00edvel nacional e estrangeiro, abrangendo diversos distritos, entre os quais Porto, Braga, Vila Verde, Ponte da Barca, Ponte do Lima, Viana do Castelo, Cerveira, Mon\u00e7\u00e3o, Melga\u00e7o, Paredes de Coura e Barcelos.<\/p>\n\t\t\n<style>\n#text-668106637 {\n  font-size: 1.15rem;\n  text-align: left;\n}\n<\/style>\n\t<\/div>\n\t\n\n\t\t<\/div>\n\t\t\t\t\t<\/div>\n\n\t\n\n\t<div id=\"col-1702026681\" class=\"col medium-7 small-12 large-7\"  >\n\t\t\t\t<div class=\"col-inner\"  >\n\t\t\t\n\t\t\t\n\n\t<div class=\"img has-hover x md-x lg-x y md-y lg-y\" id=\"image_1057466193\">\n\t\t\t\t<div data-parallax-fade=\"true\" data-parallax=\"-7\">\t\t\t\t<div class=\"img-inner dark\" >\n\t\t\t<img width=\"2560\" height=\"1707\" src=\"https:\/\/dev.wisdomignite.pt\/cea\/wp-content\/uploads\/2023\/01\/DSC_0297-scaled.jpg\" class=\"attachment-original size-original\" alt=\"stock de frutas e legumes da coutinho e arezes\" loading=\"lazy\" srcset=\"https:\/\/dev.wisdomignite.pt\/cea\/wp-content\/uploads\/2023\/01\/DSC_0297-scaled.jpg 2560w, https:\/\/dev.wisdomignite.pt\/cea\/wp-content\/uploads\/2023\/01\/DSC_0297-300x200.jpg 300w, https:\/\/dev.wisdomignite.pt\/cea\/wp-content\/uploads\/2023\/01\/DSC_0297-1024x683.jpg 1024w, https:\/\/dev.wisdomignite.pt\/cea\/wp-content\/uploads\/2023\/01\/DSC_0297-768x512.jpg 768w, https:\/\/dev.wisdomignite.pt\/cea\/wp-content\/uploads\/2023\/01\/DSC_0297-1536x1024.jpg 1536w, https:\/\/dev.wisdomignite.pt\/cea\/wp-content\/uploads\/2023\/01\/DSC_0297-2048x1365.jpg 2048w, https:\/\/dev.wisdomignite.pt\/cea\/wp-content\/uploads\/2023\/01\/DSC_0297-510x340.jpg 510w\" sizes=\"(max-width: 2560px) 100vw, 2560px\" \/>\t\t\t\t\t\t\n\t\t\t\t\t<\/div>\n\t\t\t\t<\/div>\t\t\t\t\n<style>\n#image_1057466193 {\n  width: 100%;\n}\n<\/style>\n\t<\/div>\n\t\n\n\n\t\t<\/div>\n\t\t\t\t\t<\/div>\n\n\t\n\n\t<div id=\"col-1436336888\" class=\"col small-12 large-12\"  >\n\t\t\t\t<div class=\"col-inner text-left\"  >\n\t\t\t\n\t\t\t\n\n<h2 style=\"text-align: left;\">FORNECEDORES DE FRUTAS E LEGUMES EM PORTUGAL<\/h2>\n\t<div id=\"text-2121704462\" class=\"text\">\n\t\t\n\n<p>Desde as nossas origens que a nossa principal preocupa\u00e7\u00e3o \u00e9 levar aos nossos clientes os produtos mais frescos. Somos rigorosos no que toca ao controlo de qualidade das nossas frutas e produtos hort\u00edcolas.<\/p>\n<p>A nossa equipa procura uma adapta\u00e7\u00e3o constante \u00e0s necessidades deste mercado, indo de encontro \u00e0 pr\u00e1tica de um modelo de neg\u00f3cio sustent\u00e1vel para n\u00f3s, para os nossos parceiros e clientes e para todas as empresas que procurem fornecedores de frutas e legumes.<\/p>\n<p>A Coutinho &amp; Arezes e os seus parceiros, desde os produtores at\u00e9 aos comerciantes, trabalham em conjunto para providenciar aos clientes finais as melhores solu\u00e7\u00f5es que permitam a garantia da sua satisfa\u00e7\u00e3o.<\/p>\n<p>Mais do que sermos um parceiro de neg\u00f3cio na \u00e1rea da distribui\u00e7\u00e3o alimentar, pretendemos fomentar as nossas boas rela\u00e7\u00f5es comerciais tanto com os nossos clientes como com os nossos fornecedores. O nosso objetivo \u00e9 ser um parceiro para v\u00e1rios profissionais dentro deste mercado.<\/p>\n<p>O nosso sucesso \u00e9 o sucesso dos nossos parceiros!<\/p>\n\t\t\n<style>\n#text-2121704462 {\n  font-size: 1.15rem;\n  text-align: left;\n}\n<\/style>\n\t<\/div>\n\t\n\t<div id=\"gap-421979065\" class=\"gap-element clearfix\" style=\"display:block; height:auto;\">\n\t\t\n<style>\n#gap-421979065 {\n  padding-top: 30px;\n}\n<\/style>\n\t<\/div>\n\t\n\n<div class=\"row\"  id=\"row-201891614\">\n\n\n\t<div id=\"col-1903935950\" class=\"col medium-4 small-12 large-4\"  >\n\t\t\t\t<div class=\"col-inner\"  >\n\t\t\t\n\t\t\t\n\n<a href=\"https:\/\/dev.wisdomignite.pt\/cea\/contactos\/\" target=\"_self\" class=\"button primary\"  >\n    <span>PE\u00c7A O SEU OR\u00c7AMENTO AQUI<\/span>\n  <\/a>\n\n\n\n\t\t<\/div>\n\t\t\t\t\t<\/div>\n\n\t\n\n<\/div>\n\n\t\t<\/div>\n\t\t\t\t\t<\/div>\n\n\t\n\n<\/div>\n\n\t\t<\/div>\n\n\t\t\n<style>\n#section_1855390855 {\n  padding-top: 30px;\n  padding-bottom: 30px;\n}\n#section_1855390855 .ux-shape-divider--top svg {\n  height: 150px;\n  --divider-top-width: 100%;\n}\n#section_1855390855 .ux-shape-divider--bottom svg {\n  height: 150px;\n  --divider-width: 100%;\n}\n<\/style>\n\t<\/section>\n\t\n\n","protected":false},"excerpt":{"rendered":"","protected":false},"author":4,"featured_media":2840,"parent":0,"menu_order":0,"comment_status":"closed","ping_status":"closed","template":"page-blank.php","meta":{"inline_featured_image":false},"_links":{"self":[{"href":"https:\/\/dev.wisdomignite.pt\/cea\/wp-json\/wp\/v2\/pages\/2909"}],"collection":[{"href":"https:\/\/dev.wisdomignite.pt\/cea\/wp-json\/wp\/v2\/pages"}],"about":[{"href":"https:\/\/dev.wisdomignite.pt\/cea\/wp-json\/wp\/v2\/types\/page"}],"author":[{"embeddable":true,"href":"https:\/\/dev.wisdomignite.pt\/cea\/wp-json\/wp\/v2\/users\/4"}],"replies":[{"embeddable":true,"href":"https:\/\/dev.wisdomignite.pt\/cea\/wp-json\/wp\/v2\/comments?post=2909"}],"version-history":[{"count":10,"href":"https:\/\/dev.wisdomignite.pt\/cea\/wp-json\/wp\/v2\/pages\/2909\/revisions"}],"predecessor-version":[{"id":3152,"href":"https:\/\/dev.wisdomignite.pt\/cea\/wp-json\/wp\/v2\/pages\/2909\/revisions\/3152"}],"wp:featuredmedia":[{"embeddable":true,"href":"https:\/\/dev.wisdomignite.pt\/cea\/wp-json\/wp\/v2\/media\/2840"}],"wp:attachment":[{"href":"https:\/\/dev.wisdomignite.pt\/cea\/wp-json\/wp\/v2\/media?parent=2909"}],"curies":[{"name":"wp","href":"https:\/\/api.w.org\/{rel}","templated":true}]}}